{"id":6037,"date":"2024-05-25T03:07:31","date_gmt":"2024-05-25T00:07:31","guid":{"rendered":"https:\/\/uridy.com\/?page_id=6037"},"modified":"2024-09-04T23:33:40","modified_gmt":"2024-09-04T20:33:40","slug":"privacy-policy","status":"publish","type":"page","link":"https:\/\/uridy.com\/tr\/privacy-policy\/","title":{"rendered":"Gizlilik Politikas\u0131"},"content":{"rendered":"<p>Uridy Creative (bundan b\u00f6yle \u201c\u015eirket\u201d, \u201cbiz\u201d, \u201cbizim\u201d veya \u201cUridy\u201d olarak an\u0131lacakt\u0131r), m\u00fc\u015fterilerimize en iyi hizmeti sunmay\u0131 ve \u00e7evrimi\u00e7i deneyimlerini geli\u015ftirmeyi taahh\u00fct eder. Bu Gizlilik Politikas\u0131 (\u201cPolitika\u201d), \u015eirketin web sitesi (https:\/\/uridy.com\/), mobil uygulamalar\u0131 ve di\u011fer \u00e7evrimi\u00e7i hizmetleri (\u201cHizmetler\u201d) arac\u0131l\u0131\u011f\u0131yla toplad\u0131\u011f\u0131m\u0131z ve kulland\u0131\u011f\u0131m\u0131z ki\u015fisel bilgileri nas\u0131l ele ald\u0131\u011f\u0131m\u0131z\u0131 a\u00e7\u0131klamaktad\u0131r. Hizmetlerimizi kullanarak bu Politikay\u0131 kabul etmi\u015f olursunuz. Politikam\u0131zda herhangi bir de\u011fi\u015fiklik yaparsak, g\u00fcncellenmi\u015f Politikay\u0131 bu sayfada yay\u0131nlayarak sizi bilgilendirece\u011fiz. De\u011fi\u015fiklikler, Hizmetlerimizi kullanmaya devam etmeniz halinde y\u00fcr\u00fcrl\u00fc\u011fe girecektir.<\/p>\n\n\n\n<p>Toplad\u0131\u011f\u0131m\u0131z Bilgiler<\/p>\n\n\n\n<p>Hizmetlerimizi kulland\u0131\u011f\u0131n\u0131zda sizden \u00e7e\u015fitli ki\u015fisel bilgiler toplayabiliriz. Bu bilgiler a\u015fa\u011f\u0131dakileri i\u00e7erebilir ancak bunlarla s\u0131n\u0131rl\u0131 de\u011fildir:<\/p>\n\n\n\n<p>\u0130leti\u015fim Bilgileri: Ad\u0131n\u0131z, soyad\u0131n\u0131z, e-posta adresiniz, telefon numaran\u0131z ve posta adresiniz gibi bilgiler.<br>Hesap Bilgileri: Bir hesap olu\u015fturdu\u011funuzda sizden toplad\u0131\u011f\u0131m\u0131z kullan\u0131c\u0131 ad\u0131, \u015fifre ve g\u00fcvenlik sorular\u0131 gibi bilgiler.<br>Fatura Bilgileri: \u00d6deme i\u015flemlerini ger\u00e7ekle\u015ftirmek i\u00e7in sizden toplad\u0131\u011f\u0131m\u0131z kredi kart\u0131 numaras\u0131, fatura adresi ve di\u011fer \u00f6deme bilgileri gibi bilgiler.<br>Hizmet Kullan\u0131m Bilgileri: Ziyaret etti\u011finiz sayfalar, t\u0131klad\u0131\u011f\u0131n\u0131z ba\u011flant\u0131lar ve ger\u00e7ekle\u015ftirdi\u011finiz i\u015flemler gibi hizmetlerimizi nas\u0131l kulland\u0131\u011f\u0131n\u0131za ili\u015fkin bilgiler.<br>Cihaz Bilgileri: Kulland\u0131\u011f\u0131n\u0131z cihaz\u0131n t\u00fcr\u00fc, i\u015fletim sistemi, IP adresi ve taray\u0131c\u0131 bilgileri gibi cihaz\u0131n\u0131zla ilgili bilgiler.<br>\u00c7erezler ve Di\u011fer \u0130zleme Teknolojileri: Hizmetlerimizde \u00e7erezleri ve di\u011fer izleme teknolojilerini kullanarak belirli bilgileri toplayabiliriz. \u00c7erezler, bilgisayar\u0131n\u0131zda veya mobil cihaz\u0131n\u0131zda depolanan ve Hizmetlerimizi nas\u0131l kulland\u0131\u011f\u0131n\u0131zla ilgili bilgileri hat\u0131rlamam\u0131z\u0131 sa\u011flayan k\u00fc\u00e7\u00fck metin dosyalar\u0131d\u0131r.<\/p>\n\n\n\n<p>Bilgileri Nas\u0131l Kullan\u0131yoruz?<\/p>\n\n\n\n<p>Toplad\u0131\u011f\u0131m\u0131z bilgileri a\u015fa\u011f\u0131daki ama\u00e7lar i\u00e7in kullanabiliriz:<\/p>\n\n\n\n<p>Hizmetlerimizi sa\u011flamak ve geli\u015ftirmek i\u00e7in.<br>Hesab\u0131n\u0131z\u0131 y\u00f6netmek ve size m\u00fc\u015fteri deste\u011fi sa\u011flamak i\u00e7in.<br>Size pazarlama ve tan\u0131t\u0131m materyalleri g\u00f6ndermek i\u00e7in.<br>Hizmetlerimizle ilgili deneyiminizi ki\u015fiselle\u015ftirmek i\u00e7in.<br>Doland\u0131r\u0131c\u0131l\u0131k ve di\u011fer yasa d\u0131\u015f\u0131 faaliyetleri \u00f6nlemek i\u00e7in.<br>Yasal gerekliliklere uymak i\u00e7in.<\/p>\n\n\n\n<p>Bilgilerinizi Kiminle Payla\u015f\u0131yoruz?<\/p>\n\n\n\n<p>Bilgilerinizi \u015fu ki\u015filerle payla\u015fabiliriz:<\/p>\n\n\n\n<p>Hizmetleri size sunmam\u0131za yard\u0131mc\u0131 olan \u00fc\u00e7\u00fcnc\u00fc taraf hizmet sa\u011flay\u0131c\u0131larla.<br>Yasal gerekliliklere uymak veya yasa d\u0131\u015f\u0131 faaliyetleri ara\u015ft\u0131rmak i\u00e7in kolluk kuvvetleri veya di\u011fer devlet kurumlar\u0131 ile.<br>Haklar\u0131m\u0131z\u0131 veya m\u00fclkiyetimizi korumak i\u00e7in.<\/p>\n\n\n\n<p>Bilgilerinizin G\u00fcvenli\u011fi<\/p>\n\n\n\n<p>Bilgilerinizi korumak i\u00e7in idari, teknik ve fiziksel \u00f6nlemler almaktay\u0131z. Bu \u00f6nlemler yetkisiz eri\u015fimi, kullan\u0131m\u0131, if\u015fay\u0131, de\u011fi\u015ftirmeyi veya imhay\u0131 \u00f6nlemeye y\u00f6neliktir. Ancak, hi\u00e7bir g\u00fcvenlik sisteminin kesinlikle g\u00fcvenli olmad\u0131\u011f\u0131n\u0131 unutmamak \u00f6nemlidir.<\/p>\n\n\n\n<p>Se\u00e7enekleriniz ve Haklar\u0131n\u0131z<\/p>\n\n\n\n<p>Bilgilerinizin nas\u0131l kullan\u0131laca\u011f\u0131 konusunda baz\u0131 se\u00e7enekleriniz vard\u0131r. \u00d6rne\u011fin, pazarlama e-postalar\u0131 almamay\u0131 se\u00e7ebilirsiniz. Bu se\u00e7imleri bizimle ileti\u015fime ge\u00e7erek yapabilirsiniz.<\/p>","protected":false},"excerpt":{"rendered":"<p>Uridy Creative (hereinafter referred to as \u201cCompany\u201d, \u201cwe\u201d, \u201cour\u201d or \u201cUridy\u201d) is committed to providing the best service to our customers and improving their online experience. This Privacy Policy (\u201cPolicy\u201d) describes how we treat personal information we collect and use through Company\u2019s website (https:\/\/uridy.com\/), mobile applications and other online services (\u201cServices\u201d). By using our services [&hellip;]<\/p>","protected":false},"author":1,"featured_media":0,"parent":0,"menu_order":0,"comment_status":"closed","ping_status":"closed","template":"","meta":{"footnotes":""},"class_list":["post-6037","page","type-page","status-publish","hentry"],"_links":{"self":[{"href":"https:\/\/uridy.com\/tr\/wp-json\/wp\/v2\/pages\/6037","targetHints":{"allow":["GET"]}}],"collection":[{"href":"https:\/\/uridy.com\/tr\/wp-json\/wp\/v2\/pages"}],"about":[{"href":"https:\/\/uridy.com\/tr\/wp-json\/wp\/v2\/types\/page"}],"author":[{"embeddable":true,"href":"https:\/\/uridy.com\/tr\/wp-json\/wp\/v2\/users\/1"}],"replies":[{"embeddable":true,"href":"https:\/\/uridy.com\/tr\/wp-json\/wp\/v2\/comments?post=6037"}],"version-history":[{"count":4,"href":"https:\/\/uridy.com\/tr\/wp-json\/wp\/v2\/pages\/6037\/revisions"}],"predecessor-version":[{"id":21614,"href":"https:\/\/uridy.com\/tr\/wp-json\/wp\/v2\/pages\/6037\/revisions\/21614"}],"wp:attachment":[{"href":"https:\/\/uridy.com\/tr\/wp-json\/wp\/v2\/media?parent=6037"}],"curies":[{"name":"wp","href":"https:\/\/api.w.org\/{rel}","templated":true}]}}